{"id":17885,"date":"2023-07-21T17:12:38","date_gmt":"2023-07-21T14:12:38","guid":{"rendered":"https:\/\/kocel.com.tr\/20959-5-rafli-demonte-galvaniz-raf-2\/"},"modified":"2023-07-21T17:12:38","modified_gmt":"2023-07-21T14:12:38","slug":"20959-5-rafli-demonte-galvaniz-raf","status":"publish","type":"product","link":"https:\/\/kocel.com.tr\/en\/20959-5-rafli-demonte-galvaniz-raf\/","title":{"rendered":"20959 &#8211; 5 RAFLI DEMONTE GALVAN\u0130Z RAF"},"content":{"rendered":"<h4><strong>Teknik \u00d6zellikler<\/strong><\/h4>\n<p><strong>En:<\/strong> 930 mm<br \/>\n<strong>Derinlik:<\/strong> 590 mm<br \/>\n<strong>Y\u00fckseklik:<\/strong> 2000 mm<br \/>\n<strong>Renk:<\/strong> Galvaniz<\/p>\n<h4><strong>Kullan\u0131ld\u0131\u011f\u0131 Yerler<\/strong><\/h4>\n<p>\u00dcretim alanlar\u0131nda, at\u00f6lyelerde, depolarda ve hobi alanlar\u0131nda depolama ama\u00e7l\u0131 kullan\u0131labilir.<\/p>\n<h4><strong>\u00dcr\u00fcn Avantajlar\u0131<\/strong><\/h4>\n<p>Etraf\u0131 a\u00e7\u0131k, 5 katl\u0131 galvaniz raf\u0131m\u0131z sayesinde, montaj malzemelerini haz\u0131r bulundurur, kolay eri\u015fim ve d\u00fczenli \u00e7al\u0131\u015fma\u0131 sa\u011flars\u0131n\u0131z.<\/p>\n","protected":false},"excerpt":{"rendered":"<p>\u00dcretim alanlar\u0131nda, at\u00f6lyelerde, depolarda ve hobi alanlar\u0131nda depolama ama\u00e7l\u0131 kullan\u0131labilir.<\/p>\n","protected":false},"featured_media":15706,"template":"","meta":[],"product_brand":[],"product_cat":[184],"product_tag":[],"class_list":{"0":"post-17885","1":"product","2":"type-product","3":"status-publish","4":"has-post-thumbnail","6":"product_cat-shelf-systems","8":"first","9":"instock","10":"shipping-taxable","11":"product-type-simple"},"_links":{"self":[{"href":"https:\/\/kocel.com.tr\/en\/wp-json\/wp\/v2\/product\/17885","targetHints":{"allow":["GET"]}}],"collection":[{"href":"https:\/\/kocel.com.tr\/en\/wp-json\/wp\/v2\/product"}],"about":[{"href":"https:\/\/kocel.com.tr\/en\/wp-json\/wp\/v2\/types\/product"}],"wp:featuredmedia":[{"embeddable":true,"href":"https:\/\/kocel.com.tr\/en\/wp-json\/wp\/v2\/media\/15706"}],"wp:attachment":[{"href":"https:\/\/kocel.com.tr\/en\/wp-json\/wp\/v2\/media?parent=17885"}],"wp:term":[{"taxonomy":"product_brand","embeddable":true,"href":"https:\/\/kocel.com.tr\/en\/wp-json\/wp\/v2\/product_brand?post=17885"},{"taxonomy":"product_cat","embeddable":true,"href":"https:\/\/kocel.com.tr\/en\/wp-json\/wp\/v2\/product_cat?post=17885"},{"taxonomy":"product_tag","embeddable":true,"href":"https:\/\/kocel.com.tr\/en\/wp-json\/wp\/v2\/product_tag?post=17885"}],"curies":[{"name":"wp","href":"https:\/\/api.w.org\/{rel}","templated":true}]}}