{"id":17611,"date":"2023-07-21T17:12:02","date_gmt":"2023-07-21T14:12:02","guid":{"rendered":"https:\/\/kocel.com.tr\/6321-6-cekmeceli-tek-rafli-kapili-dolap-2\/"},"modified":"2025-01-12T17:48:26","modified_gmt":"2025-01-12T14:48:26","slug":"6321-6-cekmeceli-tek-rafli-kapili-dolap-2","status":"publish","type":"product","link":"https:\/\/kocel.com.tr\/en\/6321-6-cekmeceli-tek-rafli-kapili-dolap-2\/","title":{"rendered":"6321 &#8211; 6 \u00c7EKMECEL\u0130, TEK RAFLI, KAPILI DOLAP"},"content":{"rendered":"<h4><strong>Teknik \u00d6zellikler<\/strong><\/h4>\n<p><strong>En:<\/strong> 1010 mm<br \/>\n<strong>Derinlik:<\/strong> 615 mm<br \/>\n<strong>Y\u00fckseklik:<\/strong> 1200 mm<br \/>\n<strong>Renk:<\/strong> Ral 5015  elektrostatik toz boyal\u0131<\/p>\n<h4><strong>Kullan\u0131ld\u0131\u011f\u0131 Yerler<\/strong><\/h4>\n<p>At\u00f6lye ve fabrika alanlar\u0131nda malzeme yedek par\u00e7alar\u0131n muhafaza edilip depolanmas\u0131nda kullan\u0131l\u0131r. 5s ve yal\u0131n \u00fcretim gibi i\u015fletmelerde d\u00fczene y\u00f6nelik \u00e7al\u0131\u015fmalarda yard\u0131mc\u0131 \u00fcr\u00fcnlerdir. <\/p>\n<h4><strong>\u00dcr\u00fcn Avantajlar\u0131<\/strong><\/h4>\n<p>6 \u00c7ekmeceli 1 rafl\u0131 ve kap\u0131l\u0131 k\u0131sa tip end\u00fcstriyel dolab\u0131m\u0131z; orta b\u00f6lme sayesinde raflar\u0131n ta\u015f\u0131ma kapasitesinin artt\u0131r\u0131lmas\u0131 ve \u00e7ekmecelerin farkl\u0131 \u00f6l\u00e7\u00fcleri sayesinde de\u011fi\u015fik kullan\u0131m ama\u00e7lar\u0131 i\u00e7in uygulan\u0131r. Raf y\u00fcksekli\u011fi istenildi\u011fi gibi ayarlanabilir. Kap\u0131larda bulunan ispanyolet kilit sistemi sayesinde dolab\u0131m\u0131z 2 noktadan kilitlenmektedir. <\/p>\n","protected":false},"excerpt":{"rendered":"<p>At\u00f6lye ve fabrika alanlar\u0131nda malzeme yedek par\u00e7alar\u0131n muhafaza edilip depolanmas\u0131nda kullan\u0131l\u0131r. 5s ve yal\u0131n \u00fcretim gibi i\u015fletmelerde d\u00fczene y\u00f6nelik \u00e7al\u0131\u015fmalarda yard\u0131mc\u0131 \u00fcr\u00fcnlerdir. <\/p>\n","protected":false},"featured_media":0,"template":"","meta":[],"product_brand":[],"product_cat":[189],"product_tag":[],"class_list":{"0":"post-17611","1":"product","2":"type-product","3":"status-publish","5":"product_cat-uncategorized-en","7":"first","8":"instock","9":"shipping-taxable","10":"product-type-simple"},"_links":{"self":[{"href":"https:\/\/kocel.com.tr\/en\/wp-json\/wp\/v2\/product\/17611","targetHints":{"allow":["GET"]}}],"collection":[{"href":"https:\/\/kocel.com.tr\/en\/wp-json\/wp\/v2\/product"}],"about":[{"href":"https:\/\/kocel.com.tr\/en\/wp-json\/wp\/v2\/types\/product"}],"wp:attachment":[{"href":"https:\/\/kocel.com.tr\/en\/wp-json\/wp\/v2\/media?parent=17611"}],"wp:term":[{"taxonomy":"product_brand","embeddable":true,"href":"https:\/\/kocel.com.tr\/en\/wp-json\/wp\/v2\/product_brand?post=17611"},{"taxonomy":"product_cat","embeddable":true,"href":"https:\/\/kocel.com.tr\/en\/wp-json\/wp\/v2\/product_cat?post=17611"},{"taxonomy":"product_tag","embeddable":true,"href":"https:\/\/kocel.com.tr\/en\/wp-json\/wp\/v2\/product_tag?post=17611"}],"curies":[{"name":"wp","href":"https:\/\/api.w.org\/{rel}","templated":true}]}}