{"id":16149,"date":"2023-05-24T15:21:18","date_gmt":"2023-05-24T12:21:18","guid":{"rendered":"https:\/\/kocel.com.tr\/iletisim\/"},"modified":"2025-10-17T13:52:53","modified_gmt":"2025-10-17T10:52:53","slug":"contact","status":"publish","type":"page","link":"https:\/\/kocel.com.tr\/en\/contact\/","title":{"rendered":"Contact"},"content":{"rendered":"<div class=\"wpb-content-wrapper\"><p>[vc_row equal_height=&#8221;yes&#8221; css_animation=&#8221;none&#8221; css=&#8221;.vc_custom_1496926452255{margin-right: -50px !important;margin-left: -50px !important;}&#8221;][vc_column css=&#8221;.vc_custom_1496927710186{border-right-width: 1px !important;padding-top: 20px !important;padding-right: 50px !important;padding-bottom: 10px !important;padding-left: 50px !important;border-right-color: #e8e8e8 !important;border-right-style: solid !important;}&#8221; offset=&#8221;vc_col-lg-6 vc_col-md-6&#8243;]\n\t\t<div id=\"wd-689860321befc\" class=\"title-wrapper wd-wpb wd-set-mb reset-last-child  wd-rs-689860321befc wd-title-color-default wd-title-style-default text-left  wd-underline-colored\">\n\t\t\t\t\t\t\t\n\t\t\t\t<div class=\"title-subtitle  subtitle-color-default font-default subtitle-style-default wd-font-weight- wd-fontsize-xs\">KO\u00c7EL<\/div>\n\t\t\t\n\t\t\t<div class=\"liner-continer\">\n\t\t\t\t<h4 class=\"woodmart-title-container title  wd-font-weight- wd-fontsize-l\" >EXPORT \/ Factory<\/h4>\n\t\t\t\t\t\t\t<\/div>\n\t\t\t\n\t\t\t\n\t\t\t\n\t\t<\/div>\n\t\t\n\t\t[vc_column_text css=&#8221;&#8221; woodmart_inline=&#8221;no&#8221; text_larger=&#8221;no&#8221;]<span class=\"list-content\"><strong>Address:<\/strong> 800. Sokak, No: 816 GOSB \/ Gebze \/ Kocaeli<\/span><\/p>\n<p><strong>E-Mail:<\/strong> <span style=\"color: #0000ff;\"><u><a href=\"mailto:sales1@kocel.com.tr\" target=\"_blank\" rel=\"noopener\">export@kocel.com.tr<\/a><\/u><\/span>&nbsp; <strong>Mobile<span class=\"list-content\">: <\/span><\/strong><a href=\"tel:905333033877\" target=\"_blank\" rel=\"noopener\">+90&nbsp;533&nbsp;303&nbsp;38&nbsp;77<\/a><\/p>\n<p><span class=\"list-content\">Kevser Arslan<br \/>\n<strong>E-Mail:<\/strong> <span style=\"color: #0000ff;\"><u><a href=\"mailto:sales1@kocel.com.tr\" target=\"_blank\" rel=\"noopener\">sales1@kocel.com.tr<\/a><\/u><\/span><\/span> <strong>Mobile<span class=\"list-content\">: <\/span><\/strong><a href=\"tel:905333033877\" target=\"_blank\" rel=\"noopener\">+90 536 779 09 72<\/a><\/p>\n<p><span class=\"list-content\">\u0130lknur K\u0131l\u0131\u00e7<br \/>\n<strong>E-Mail:<\/strong> <span style=\"color: #0000ff;\"><u><a href=\"mailto:sales@kocel.com.tr\" target=\"_blank\" rel=\"noopener\">sales@kocel.com.tr<\/a><\/u><\/span><\/span> <strong>Mobile<span class=\"list-content\">: <\/span><\/strong><a href=\"tel:905333033877\" target=\"_blank\" rel=\"noopener\">+90 530 052 80 34<\/a>[\/vc_column_text]\t\t\t<div\n\t\t\t\t\t\tclass=\" wd-rs-646dfef89dff6 wd-social-icons  wd-style-default wd-size-default social-follow wd-shape-circle text-left\">\n\t\t\t\t\n\t\t\t\t\n\t\t\t\t\t\t\t\t\t<a rel=\"noopener noreferrer nofollow\" href=\"https:\/\/www.facebook.com\/KocelCelik\" target=\"_blank\" class=\" wd-social-icon social-facebook\" aria-label=\"Facebook social link\">\n\t\t\t\t\t\t<span class=\"wd-icon\"><\/span>\n\t\t\t\t\t\t\t\t\t\t\t<\/a>\n\t\t\t\t\n\t\t\t\t\n\t\t\t\t\n\t\t\t\t\n\t\t\t\t\t\t\t\t\t<a rel=\"noopener noreferrer nofollow\" href=\"https:\/\/www.instagram.com\/kocelcelik\/?igshid=MzRlODBiNWFlZA\" target=\"_blank\" class=\" wd-social-icon social-instagram\" aria-label=\"Instagram social link\">\n\t\t\t\t\t\t<span class=\"wd-icon\"><\/span>\n\t\t\t\t\t\t\t\t\t\t\t<\/a>\n\t\t\t\t\n\t\t\t\t\n\t\t\t\t\n\t\t\t\t\n\t\t\t\t\n\t\t\t\t\t\t\t\t\t<a rel=\"noopener noreferrer nofollow\" href=\"https:\/\/www.linkedin.com\/in\/kocelcelikesya\/\" target=\"_blank\" class=\" wd-social-icon social-linkedin\" aria-label=\"Linkedin social link\">\n\t\t\t\t\t\t<span class=\"wd-icon\"><\/span>\n\t\t\t\t\t\t\t\t\t\t\t<\/a>\n\t\t\t\t\n\t\t\t\t\n\t\t\t\t\n\t\t\t\t\n\t\t\t\t\n\t\t\t\t\n\t\t\t\t\n\t\t\t\t\n\t\t\t\t\n\t\t\t\t\n\t\t\t\t\n\t\t\t\t\n\t\t\t\t\n\t\t\t\t\n\t\t\t\t\n\t\t\t\t\n\t\t\t\t\n\t\t\t<\/div>\n\n\t\t\n\t\t<div id=\"wd-68f21ff7ae9bc\" class=\"title-wrapper wd-wpb wd-set-mb reset-last-child  wd-rs-68f21ff7ae9bc wd-title-color-default wd-title-style-default text-left  wd-underline-colored\">\n\t\t\t\t\t\t\t\n\t\t\t\t<div class=\"title-subtitle  subtitle-color-default font-default subtitle-style-default wd-font-weight- wd-fontsize-xs\">KO\u00c7EL<\/div>\n\t\t\t\n\t\t\t<div class=\"liner-continer\">\n\t\t\t\t<h4 class=\"woodmart-title-container title  wd-font-weight- wd-fontsize-l\" >GERMANY SHOWROOM<\/h4>\n\t\t\t\t\t\t\t<\/div>\n\t\t\t\n\t\t\t\n\t\t\t\n\t\t<\/div>\n\t\t\n\t\t[vc_column_text css=&#8221;&#8221; woodmart_inline=&#8221;no&#8221; text_larger=&#8221;no&#8221;]<span class=\"list-content\"><strong>Address: <\/strong><\/span>KO\u00c7EL GMBH STUTGART\/GERMANY<\/p>\n<p><strong>Web:<\/strong> <a href=\"http:\/\/www.kocel.de\" rel=\"nofollow noopener\" target=\"_blank\">www.kocel.de<\/a><\/p>\n<p><span class=\"list-content\"><strong>Phone: <\/strong><\/span><a href=\"tel:00491736902828\" target=\"_blank\" rel=\"noopener\">0049 173 690 2828<\/a><\/p>\n<p><strong>Email :<\/strong> <span style=\"color: #0000ff;\"><u><a href=\"mailto:germany@kocel.com.tr\" target=\"_blank\" rel=\"noopener\">germany@kocel.com.tr<\/a><\/u><\/span>[\/vc_column_text][\/vc_column][vc_column css=&#8221;.vc_custom_1496927688909{padding-top: 20px !important;padding-right: 50px !important;padding-bottom: 10px !important;padding-left: 50px !important;}&#8221; offset=&#8221;vc_col-lg-6 vc_col-md-6&#8243;][vc_raw_html]JTNDaWZyYW1lJTIwc3JjJTNEJTIyaHR0cHMlM0ElMkYlMkZ3d3cuZ29vZ2xlLmNvbSUyRm1hcHMlMkZlbWJlZCUzRnBiJTNEJTIxMW0xNCUyMTFtOCUyMTFtMyUyMTFkOTY1NTcuNTQ2NzQxNzc5MDUlMjEyZDI5LjQyNjkzOTAwMDAwMDAwNCUyMTNkNDAuODYyNTgzJTIxM20yJTIxMWkxMDI0JTIxMmk3NjglMjE0ZjEzLjElMjEzbTMlMjExbTIlMjExczB4MTRjYjI3N2FmOTY3ZDk5MyUyNTNBMHg2ZjQzYjZjYzhhY2Q5NTg3JTIxMnNLbyUyNUMzJTI1QTdlbCUyNTIwc3RlZWwlMjUyMGFwcGxpYW5jZXMlMjUyMGFuZCUyNTIwZnVybml0dXJlJTIxNWUwJTIxM20yJTIxMXNlbiUyMTJzdXMlMjE0djE2ODQ5MzA2ODY1MzMlMjE1bTIlMjExc2VuJTIxMnN1cyUyMiUyMHdpZHRoJTNEJTIyMTAwJTI1JTIyJTIwaGVpZ2h0JTNEJTIyMjUwJTIyJTIwc3R5bGUlM0QlMjJib3JkZXIlM0EwJTNCJTIyJTIwYWxsb3dmdWxsc2NyZWVuJTNEJTIyJTIyJTIwbG9hZGluZyUzRCUyMmxhenklMjIlMjByZWZlcnJlcnBvbGljeSUzRCUyMm5vLXJlZmVycmVyLXdoZW4tZG93bmdyYWRlJTIyJTNFJTNDJTJGaWZyYW1lJTNF[\/vc_raw_html][\/vc_column][\/vc_row][vc_row equal_height=&#8221;yes&#8221; css_animation=&#8221;none&#8221; css=&#8221;.vc_custom_1496926452255{margin-right: -50px !important;margin-left: -50px !important;}&#8221;][vc_column css=&#8221;.vc_custom_1496927710186{border-right-width: 1px !important;padding-top: 20px !important;padding-right: 50px !important;padding-bottom: 10px !important;padding-left: 50px !important;border-right-color: #e8e8e8 !important;border-right-style: solid !important;}&#8221; offset=&#8221;vc_col-lg-6 vc_col-md-6&#8243;]\n\t\t<div id=\"wd-68f21e3fa053c\" class=\"title-wrapper wd-wpb wd-set-mb reset-last-child  wd-rs-68f21e3fa053c wd-title-color-default wd-title-style-default text-left  wd-underline-colored\">\n\t\t\t\t\t\t\t\n\t\t\t\t<div class=\"title-subtitle  subtitle-color-default font-default subtitle-style-default wd-font-weight- wd-fontsize-xs\">KO\u00c7EL<\/div>\n\t\t\t\n\t\t\t<div class=\"liner-continer\">\n\t\t\t\t<h4 class=\"woodmart-title-container title  wd-font-weight- wd-fontsize-l\" >\u0130STANBUL \/ Head Office & Showroom<\/h4>\n\t\t\t\t\t\t\t<\/div>\n\t\t\t\n\t\t\t\n\t\t\t\n\t\t<\/div>\n\t\t\n\t\t[vc_column_text css=&#8221;&#8221; woodmart_inline=&#8221;no&#8221; text_larger=&#8221;no&#8221;]<strong>Email : <\/strong>info@kocel.com.tr<\/p>\n<p><span class=\"list-content\"><strong>Address: <\/strong><\/span>2436 Sokak No: 1 \u0130sto\u00e7 \/ Mahmutbey \/ Ba\u011fc\u0131lar \/ Turkey<\/p>\n<p><span class=\"list-content\"><strong>Phone: <\/strong><a href=\"tel:902124453530\" target=\"_blank\" rel=\"noopener\">+90 212 445 35 30<\/a><\/span><\/p>\n<p><strong>Mobile: <\/strong><a href=\"tel:902124453530\" target=\"_blank\" rel=\"noopener\">+90 532 387 99 39<\/a>[\/vc_column_text]\t\t\t<div\n\t\t\t\t\t\tclass=\" wd-rs-646dfef89dff6 wd-social-icons  wd-style-default wd-size-default social-follow wd-shape-circle text-left\">\n\t\t\t\t\n\t\t\t\t\n\t\t\t\t\t\t\t\t\t<a rel=\"noopener noreferrer nofollow\" href=\"https:\/\/www.facebook.com\/KocelCelik\" target=\"_blank\" class=\" wd-social-icon social-facebook\" aria-label=\"Facebook social link\">\n\t\t\t\t\t\t<span class=\"wd-icon\"><\/span>\n\t\t\t\t\t\t\t\t\t\t\t<\/a>\n\t\t\t\t\n\t\t\t\t\n\t\t\t\t\n\t\t\t\t\n\t\t\t\t\t\t\t\t\t<a rel=\"noopener noreferrer nofollow\" href=\"https:\/\/www.instagram.com\/kocelcelik\/?igshid=MzRlODBiNWFlZA\" target=\"_blank\" class=\" wd-social-icon social-instagram\" aria-label=\"Instagram social link\">\n\t\t\t\t\t\t<span class=\"wd-icon\"><\/span>\n\t\t\t\t\t\t\t\t\t\t\t<\/a>\n\t\t\t\t\n\t\t\t\t\n\t\t\t\t\n\t\t\t\t\n\t\t\t\t\n\t\t\t\t\t\t\t\t\t<a rel=\"noopener noreferrer nofollow\" href=\"https:\/\/www.linkedin.com\/in\/kocelcelikesya\/\" target=\"_blank\" class=\" wd-social-icon social-linkedin\" aria-label=\"Linkedin social link\">\n\t\t\t\t\t\t<span class=\"wd-icon\"><\/span>\n\t\t\t\t\t\t\t\t\t\t\t<\/a>\n\t\t\t\t\n\t\t\t\t\n\t\t\t\t\n\t\t\t\t\n\t\t\t\t\n\t\t\t\t\n\t\t\t\t\n\t\t\t\t\n\t\t\t\t\n\t\t\t\t\n\t\t\t\t\n\t\t\t\t\n\t\t\t\t\n\t\t\t\t\n\t\t\t\t\n\t\t\t\t\n\t\t\t\t\n\t\t\t<\/div>\n\n\t\t\n\t\t<div id=\"wd-654202f506cea\" class=\"title-wrapper wd-wpb wd-set-mb reset-last-child  wd-rs-654202f506cea wd-title-color-default wd-title-style-default text-left vc_custom_1698824951949 wd-underline-colored\">\n\t\t\t\t\t\t\t\n\t\t\t\t<div class=\"title-subtitle  subtitle-color-default font-default subtitle-style-default wd-font-weight- wd-fontsize-xs\">KO\u00c7EL<\/div>\n\t\t\t\n\t\t\t<div class=\"liner-continer\">\n\t\t\t\t<h4 class=\"woodmart-title-container title  wd-font-weight- wd-fontsize-l\" >BURSA SHOWROOM<\/h4>\n\t\t\t\t\t\t\t<\/div>\n\t\t\t\n\t\t\t\n\t\t\t\n\t\t<\/div>\n\t\t\n\t\t[vc_column_text woodmart_inline=&#8221;no&#8221; text_larger=&#8221;no&#8221;]<span class=\"list-content\"><strong>Addrews: <\/strong><\/span>PENTA PLUS BUSINESS CENTER, ALAATTINBEY NEIGHBORHOOD, 624TH STREET, NO:5D NILUFER\/BURSA<\/p>\n<p><span class=\"list-content\"><strong>Phone: <\/strong><\/span><a href=\"tel:905327855155\" target=\"_blank\" rel=\"noopener\">+90 532 785 51 55<\/a><\/p>\n<p><strong>Email :<\/strong> <span style=\"color: #0000ff;\"><u><a href=\"mailto:bursasatis@kocel.com.tr\" target=\"_blank\" rel=\"noopener\">bursasatis@kocel.com.tr<\/a><\/u><\/span>[\/vc_column_text][\/vc_column][vc_column css=&#8221;.vc_custom_1496927688909{padding-top: 20px !important;padding-right: 50px !important;padding-bottom: 10px !important;padding-left: 50px !important;}&#8221; offset=&#8221;vc_col-lg-6 vc_col-md-6&#8243;][vc_raw_html]JTNDaWZyYW1lJTIwc3JjJTNEJTIyaHR0cHMlM0ElMkYlMkZ3d3cuZ29vZ2xlLmNvbSUyRm1hcHMlMkZlbWJlZCUzRnBiJTNEJTIxMW0xNCUyMTFtOCUyMTFtMyUyMTFkMjQwNjguMjU3OTg1MzA2NDY3JTIxMmQyOC44MjU0MDIlMjEzZDQxLjA1NzM1NyUyMTNtMiUyMTFpMTAyNCUyMTJpNzY4JTIxNGYxMy4xJTIxM20zJTIxMW0yJTIxMXMweDE0Y2FhNTZkOWNiMmY5YjUlMjUzQTB4NGQxZWRmY2FmNWE2ZmZmJTIxMnpTMl9EcDJWc0lNT0haV3hwYXlCRnhaOTVZUSUyMTVlMCUyMTNtMiUyMTFzZW4lMjEyc3VzJTIxNHYxNjg0OTMwODI5Nzk4JTIxNW0yJTIxMXNlbiUyMTJzdXMlMjIlMjB3aWR0aCUzRCUyMjEwMCUyNSUyMiUyMGhlaWdodCUzRCUyMjI1MCUyMiUyMHN0eWxlJTNEJTIyYm9yZGVyJTNBMCUzQiUyMiUyMGFsbG93ZnVsbHNjcmVlbiUzRCUyMiUyMiUyMGxvYWRpbmclM0QlMjJsYXp5JTIyJTIwcmVmZXJyZXJwb2xpY3klM0QlMjJuby1yZWZlcnJlci13aGVuLWRvd25ncmFkZSUyMiUzRSUzQyUyRmlmcmFtZSUzRQ==[\/vc_raw_html]\n\t\t<div id=\"wd-6542015488ec8\" class=\"title-wrapper wd-wpb wd-set-mb reset-last-child  wd-rs-6542015488ec8 wd-title-color-default wd-title-style-default text-left  wd-underline-colored\">\n\t\t\t\t\t\t\t\n\t\t\t\t<div class=\"title-subtitle  subtitle-color-default font-default subtitle-style-default wd-font-weight- wd-fontsize-xs\">KO\u00c7EL<\/div>\n\t\t\t\n\t\t\t<div class=\"liner-continer\">\n\t\t\t\t<h4 class=\"woodmart-title-container title  wd-font-weight- wd-fontsize-l\" >OUR DOMESTIC DEALERS<\/h4>\n\t\t\t\t\t\t\t<\/div>\n\t\t\t\n\t\t\t\n\t\t\t\n\t\t<\/div>\n\t\t\n\t\t[vc_raw_html]JTNDaWZyYW1lJTIwc3JjJTNEJTIyaHR0cHMlM0ElMkYlMkZ3d3cuZ29vZ2xlLmNvbSUyRm1hcHMlMkZkJTJGZW1iZWQlM0ZtaWQlM0QxVkR4TXBhd0ZvdGFCVlVQcGdTdU9kNmtCaV8zRmVERDQlMjZlaGJjJTNEMkUzMTJGJTIyJTIwd2lkdGglM0QlMjI2NDAlMjIlMjBoZWlnaHQlM0QlMjI0ODAlMjIlM0UlM0MlMkZpZnJhbWUlM0U=[\/vc_raw_html]\n\t\t<div id=\"wd-654201672594e\" class=\"title-wrapper wd-wpb wd-set-mb reset-last-child  wd-rs-654201672594e wd-title-color-default wd-title-style-default text-left  wd-underline-colored\">\n\t\t\t\t\t\t\t\n\t\t\t\t<div class=\"title-subtitle  subtitle-color-default font-default subtitle-style-default wd-font-weight- wd-fontsize-xs\">KO\u00c7EL<\/div>\n\t\t\t\n\t\t\t<div class=\"liner-continer\">\n\t\t\t\t<h4 class=\"woodmart-title-container title  wd-font-weight- wd-fontsize-l\" >OUR OVERSEAS DEALERS<\/h4>\n\t\t\t\t\t\t\t<\/div>\n\t\t\t\n\t\t\t\n\t\t\t\n\t\t<\/div>\n\t\t\n\t\t[vc_raw_html]JTNDaWZyYW1lJTIwc3JjJTNEJTIyaHR0cHMlM0ElMkYlMkZ3d3cuZ29vZ2xlLmNvbSUyRm1hcHMlMkZkJTJGZW1iZWQlM0ZtaWQlM0QxZjgtOGlfaGo1amFiRTBtaG9LbnBJc25EWHJBNUNhRmUlMjZlaGJjJTNEMkUzMTJGJTIyJTIwd2lkdGglM0QlMjI2NDAlMjIlMjBoZWlnaHQlM0QlMjI0ODAlMjIlM0UlM0MlMkZpZnJhbWUlM0U=[\/vc_raw_html][\/vc_column][\/vc_row]<\/p>\n<\/div>","protected":false},"excerpt":{"rendered":"<p>[vc_row equal_height=&#8221;yes&#8221; css_animation=&#8221;none&#8221; css=&#8221;.vc_custom_1496926452255{margin-right: -50px !important;margin-left: -50px !important;}&#8221;][vc_column css=&#8221;.vc_custom_1496927710186{border-right-width: 1px !important;padding-top: 20px !important;padding-right: 50px !important;padding-bottom: 10px !important;padding-left: 50px !important;border-right-color: #e8e8e8<\/p>\n","protected":false},"author":1,"featured_media":0,"parent":0,"menu_order":0,"comment_status":"closed","ping_status":"closed","template":"","meta":{"footnotes":""},"class_list":["post-16149","page","type-page","status-publish","hentry"],"_links":{"self":[{"href":"https:\/\/kocel.com.tr\/en\/wp-json\/wp\/v2\/pages\/16149","targetHints":{"allow":["GET"]}}],"collection":[{"href":"https:\/\/kocel.com.tr\/en\/wp-json\/wp\/v2\/pages"}],"about":[{"href":"https:\/\/kocel.com.tr\/en\/wp-json\/wp\/v2\/types\/page"}],"author":[{"embeddable":true,"href":"https:\/\/kocel.com.tr\/en\/wp-json\/wp\/v2\/users\/1"}],"replies":[{"embeddable":true,"href":"https:\/\/kocel.com.tr\/en\/wp-json\/wp\/v2\/comments?post=16149"}],"version-history":[{"count":0,"href":"https:\/\/kocel.com.tr\/en\/wp-json\/wp\/v2\/pages\/16149\/revisions"}],"wp:attachment":[{"href":"https:\/\/kocel.com.tr\/en\/wp-json\/wp\/v2\/media?parent=16149"}],"curies":[{"name":"wp","href":"https:\/\/api.w.org\/{rel}","templated":true}]}}