{"id":16147,"date":"2023-06-20T12:03:26","date_gmt":"2023-06-20T09:03:26","guid":{"rendered":"https:\/\/kocel.com.tr\/cerez-politikasi\/"},"modified":"2023-06-20T12:03:26","modified_gmt":"2023-06-20T09:03:26","slug":"cerez-politikasi","status":"publish","type":"page","link":"https:\/\/kocel.com.tr\/en\/cerez-politikasi\/","title":{"rendered":"\u00c7erez Politikas\u0131"},"content":{"rendered":"<div class=\"wpb-content-wrapper\"><p>[vc_row css=&#8221;.vc_custom_1629877038080{margin-bottom: 40px !important;}&#8221; mobile_bg_img_hidden=&#8221;no&#8221; tablet_bg_img_hidden=&#8221;no&#8221; woodmart_parallax=&#8221;0&#8243; woodmart_gradient_switch=&#8221;no&#8221; row_reverse_mobile=&#8221;1&#8243; row_reverse_tablet=&#8221;1&#8243; woodmart_disable_overflow=&#8221;0&#8243; wd_z_index=&#8221;no&#8221; woodmart_css_id=&#8221;6125f32826e3d&#8221; responsive_spacing=&#8221;eyJwYXJhbV90eXBlIjoid29vZG1hcnRfcmVzcG9uc2l2ZV9zcGFjaW5nIiwic2VsZWN0b3JfaWQiOiI2MTI1ZjMyODI2ZTNkIiwic2hvcnRjb2RlIjoidmNfcm93IiwiZGF0YSI6eyJ0YWJsZXQiOnt9LCJtb2JpbGUiOnsibWFyZ2luLWJvdHRvbSI6IjIwIn19fQ==&#8221;][vc_column css=&#8221;.vc_custom_1687250643337{margin-bottom: 40px !important;padding-top: 0px !important;}&#8221; mobile_bg_img_hidden=&#8221;no&#8221; tablet_bg_img_hidden=&#8221;no&#8221; woodmart_parallax=&#8221;0&#8243; woodmart_sticky_column=&#8221;false&#8221; parallax_scroll=&#8221;no&#8221; mobile_reset_margin=&#8221;no&#8221; tablet_reset_margin=&#8221;no&#8221; wd_z_index=&#8221;no&#8221; woodmart_css_id=&#8221;649166cc116ca&#8221; responsive_spacing=&#8221;eyJwYXJhbV90eXBlIjoid29vZG1hcnRfcmVzcG9uc2l2ZV9zcGFjaW5nIiwic2VsZWN0b3JfaWQiOiI2NDkxNjZjYzExNmNhIiwic2hvcnRjb2RlIjoidmNfY29sdW1uIiwiZGF0YSI6eyJ0YWJsZXQiOnt9LCJtb2JpbGUiOnt9fX0=&#8221; wd_collapsible_content_switcher=&#8221;no&#8221; wd_column_role_offcanvas_desktop=&#8221;no&#8221; wd_column_role_offcanvas_tablet=&#8221;no&#8221; wd_column_role_offcanvas_mobile=&#8221;no&#8221; wd_column_role_content_desktop=&#8221;no&#8221; wd_column_role_content_tablet=&#8221;no&#8221; wd_column_role_content_mobile=&#8221;no&#8221; woodmart_box_shadow=&#8221;no&#8221;]\t\t<div id=\"wd-64916b4826e5a\" class=\"wd-text-block wd-wpb reset-last-child wd-rs-64916b4826e5a text-left wd-fontsize-custom vc_custom_1687251787420\">\n\t\t\t<p align=\"center\"><span style=\"font-size: medium;\"><b>\u00c7EREZ POL\u0130T\u0130KASI<\/b><\/span><\/p>\n<p align=\"justify\"><span style=\"font-size: medium;\">Bu \u00c7erez Politikas\u0131 (\u201c<\/span><span style=\"font-size: medium;\"><b>Politika<\/b><\/span><span style=\"font-size: medium;\">\u201d), <\/span><span style=\"font-size: medium;\"><b>Ko\u00e7el \u00c7elik E\u015fya Sanayi ve Ticaret A.\u015e.<\/b><\/span><span style=\"font-size: medium;\">(\u201c<\/span><span style=\"font-size: medium;\"><b>\u015eirket<\/b><\/span><span style=\"font-size: medium;\">\u201d) taraf\u0131ndan y\u00f6netilen web sitesi i\u00e7in ge\u00e7erli olup sitemizi ziyaretiniz s\u0131ras\u0131nda \u00e7erezler i\u015fbu Politikada a\u00e7\u0131klanan \u015fekilde kullan\u0131lacakt\u0131r.<\/span><\/p>\n<p align=\"justify\"><span style=\"font-size: medium;\"><b>1. \u00c7erez Nedir?<\/b><\/span><\/p>\n<p align=\"justify\"><span style=\"font-size: medium;\">\u00c7erezler (cookie) bir web sitesi taraf\u0131ndan cihaz\u0131n\u0131zda olu\u015fturulan ve isim-de\u011fer format\u0131nda veri bar\u0131nd\u0131ran k\u00fc\u00e7\u00fck metin dosyalar\u0131d\u0131r. \u00c7erezler, ziyaret etti\u011finiz web sitesinin cihaz\u0131n\u0131zda bilgi saklamas\u0131n\u0131 ve bu bilgileri sonraki ziyaretleriniz s\u0131ras\u0131nda kullanmas\u0131n\u0131 m\u00fcmk\u00fcn k\u0131lmaktad\u0131r. Bir web sitesi taraf\u0131ndan olu\u015fturulan \u00e7erezler siteye eri\u015fim i\u00e7in kulland\u0131\u011f\u0131n\u0131z web taray\u0131c\u0131s\u0131 taraf\u0131ndan saklanmaktad\u0131r; bu \u00e7erezlerin i\u00e7erdi\u011fi bilgilere sadece \u00e7erezi olu\u015fturan alan ad\u0131 alt\u0131nda sunulan web siteleri taraf\u0131ndan ve ayn\u0131 taray\u0131c\u0131y\u0131 kulland\u0131\u011f\u0131n\u0131z takdirde uzaktan eri\u015fim m\u00fcmk\u00fcnd\u00fcr. \u00c7erezler g\u00fcn\u00fcm\u00fczde web teknolojilerinin \u00f6nemli bir par\u00e7as\u0131 haline gelmi\u015ftir ve temel i\u015flevleri ziyaret\u00e7inin ve tercihlerinin hat\u0131rlanmas\u0131 ve cihaz\u0131n\u0131n tan\u0131nmas\u0131d\u0131r; neredeyse her web sitesinde \u00e7erez kullan\u0131m\u0131 s\u00f6z konusudur.<\/span><\/p>\n<p align=\"justify\"><span style=\"font-size: medium;\"><b>2. \u00dc\u00e7\u00fcnc\u00fc Taraf \u00c7erezler<\/b><\/span><\/p>\n<p align=\"justify\"><span style=\"font-size: medium;\">Ziyaret etti\u011finiz web sitesinin eri\u015fim adresindeki alan ad\u0131 taraf\u0131ndan olu\u015fturulan \u00e7erezler birincil \u00e7erezlerdir. Ziyaret edilen sitede sunulan i\u00e7erik eri\u015fim adresindeki alan ad\u0131 d\u0131\u015f\u0131nda ba\u015fka alan adlar\u0131 \u00fczerinden de sa\u011flan\u0131yor olabilir (\u00f6rn. bir video platformunda bar\u0131nd\u0131r\u0131lan i\u00e7eri\u011fin sosyal medya sitesi \u00fczerinden g\u00f6r\u00fcnt\u00fclenmesi); bu durumda her bir alan ad\u0131 kendine m\u00fcnhas\u0131r \u00fc\u00e7\u00fcnc\u00fc taraf \u00e7erezler yaratabilir.<\/span><\/p>\n<p align=\"justify\"><span style=\"font-size: medium;\"><b>3. \u00c7erezler Ne Ama\u00e7la Kullan\u0131lmaktad\u0131r?<\/b><\/span><\/p>\n<p align=\"justify\"><span style=\"font-size: medium;\">\u00c7erezleri a\u015fa\u011f\u0131da say\u0131lan ama\u00e7lar ile kullanmaktay\u0131z:<\/span><\/p>\n<ul>\n<li>\n<p align=\"justify\"><span style=\"font-size: medium;\">\u015eirketimizin sitesini ziyaretiniz s\u0131ras\u0131nda gezinti ve kullan\u0131m tercihlerinizi hat\u0131rlamak (\u00f6rn. g\u00f6r\u00fcnt\u00fcleme dili, konuma \u00f6zel site g\u00f6sterilmesi vb.), \u015eirketimizin sitesinin kullan\u0131m\u0131n\u0131 kolayla\u015ft\u0131rmak ve \u015eirketimizn sitesini tercihlerinize g\u00f6re \u00f6zelle\u015ftirmek,<\/span><\/p>\n<\/li>\n<li>\n<p align=\"justify\"><span style=\"font-size: medium;\">\u015eirketimizin sitesinin \u00e7e\u015fitli \u00f6zelliklerinin ve i\u015flevlerinin d\u00fczg\u00fcn bir \u015fekilde \u00e7al\u0131\u015fmas\u0131n\u0131 sa\u011flamak (\u00f6rn. oturumunuzu a\u00e7\u0131k tutmak, dinamik i\u00e7eri\u011fi yerle\u015ftirmek vb.),<\/span><\/p>\n<\/li>\n<li>\n<p align=\"justify\"><span style=\"font-size: medium;\">\u015eirketimizn sitesinin ziyaret\u00e7iler taraf\u0131ndan nas\u0131l kullan\u0131ld\u0131\u011f\u0131 hakk\u0131nda en \u00e7ok t\u0131klanan ba\u011flant\u0131lar, en \u00e7ok ziyaret edilen sayfalar, g\u00f6r\u00fcnt\u00fclenen hata mesaj\u0131 say\u0131s\u0131 gibi \u015fah\u0131s \u00f6zelinde olmayan genel bilgiler toplamak ve bu bilgileri analiz ederek hatal\u0131 sayfalar\u0131 i\u015fler hale getirmek, sitemizi geli\u015ftirmek, tercih edilmeyen sayfalar\u0131 kald\u0131rmak veya iyile\u015ftirmek;<\/span><\/p>\n<\/li>\n<\/ul>\n<p align=\"justify\"><span style=\"font-size: medium;\">\u00c7erezler \u00fczerinden toplad\u0131\u011f\u0131m\u0131z veriler kimli\u011finizin belirlenmesi, \u015fahs\u0131n\u0131z \u00f6zelinde profilleme yap\u0131lmas\u0131 veya Site haricindeki web sitelerindeki faaliyetlerinizin takibi amac\u0131yla\u00a0<\/span><span style=\"font-size: medium;\"><b>kullan\u0131lmamaktad\u0131r.<\/b><\/span><\/p>\n<p align=\"justify\"><span style=\"font-size: medium;\">\u00c7erezler bu Politika\u2019da belirtilen ama\u00e7lar d\u0131\u015f\u0131nda kullan\u0131lmamakta olup, t\u00fcm ilgili i\u015flemler veri koruma mevzuat\u0131na uygun olarak y\u00fcr\u00fct\u00fclmektedir. Ki\u015fisel verilerinizin taraf\u0131m\u0131zca i\u015flenmesi hakk\u0131nda daha detayl\u0131 bilgi i\u00e7in l\u00fctfen\u00a0\u2026\u2026\u2026\u2026\u2026\u2026\u2026\u2026\u2026\u2026\u2026\u2026\u2026\u2026\u2026\u2026\u2026\u2026\u2026.\u00a0adresinde bulunan Ki\u015fisel Verilerin Korunmas\u0131 ve \u0130\u015flenmesi Politikas\u0131n\u0131 okuyunuz.<\/span><\/p>\n<p align=\"justify\"><span style=\"font-size: medium;\"><b>4. \u00c7erez T\u00fcrleri Nelerdir?<\/b><\/span><\/p>\n<table width=\"605\" cellspacing=\"0\" cellpadding=\"1\">\n<thead>\n<tr valign=\"bottom\">\n<td bgcolor=\"#ffffff\" width=\"81\">\n<p align=\"justify\"><span style=\"font-size: medium;\"><b>\u00c7erez T\u00fcr\u00fc<\/b><\/span><\/p>\n<\/td>\n<td bgcolor=\"#ffffff\" width=\"518\">\n<p align=\"justify\"><span style=\"font-size: medium;\"><b>A\u00e7\u0131klama<\/b><\/span><\/p>\n<\/td>\n<\/tr>\n<\/thead>\n<tbody>\n<tr valign=\"top\">\n<td bgcolor=\"#ffffff\" width=\"81\">\n<p align=\"justify\"><span style=\"font-size: medium;\"><b>Oturum \u00c7erezleri<\/b><\/span><\/p>\n<\/td>\n<td bgcolor=\"#ffffff\" width=\"518\">\n<p align=\"justify\"><span style=\"font-size: medium;\">Oturum \u00e7erezleri, internet sitesini kullan\u0131m\u0131n\u0131z s\u0131ras\u0131nda ge\u00e7erli olan \u00e7erezler olup web taray\u0131c\u0131 kapat\u0131l\u0131ncaya kadar ge\u00e7erliliklerini korurlar.<\/span><\/p>\n<\/td>\n<\/tr>\n<tr valign=\"top\">\n<td bgcolor=\"#ffffff\" width=\"81\">\n<p align=\"justify\"><span style=\"font-size: medium;\"><b>Kal\u0131c\u0131 \u00c7erezler<\/b><\/span><\/p>\n<\/td>\n<td bgcolor=\"#ffffff\" width=\"518\">\n<p align=\"justify\"><span style=\"font-size: medium;\">Bu \u00e7erezler taray\u0131c\u0131n\u0131zda saklanan ve taraf\u0131n\u0131zdan silininceye dek veya son kullan\u0131m tarihine kadar ge\u00e7erlili\u011fini koruyan \u00e7erezlerdir.<\/span><\/p>\n<\/td>\n<\/tr>\n<tr valign=\"top\">\n<td bgcolor=\"#ffffff\" width=\"81\">\n<p align=\"justify\"><span style=\"font-size: medium;\"><b>Zorunlu \u00c7erezler<\/b><\/span><\/p>\n<\/td>\n<td bgcolor=\"#ffffff\" width=\"518\">\n<p align=\"justify\"><span style=\"font-size: medium;\">\u0130nternet sitesinin d\u00fczg\u00fcn bir \u015fekilde \u00e7al\u0131\u015fabilmesi, sitenin \u00f6zelliklerinden ve sunulan hizmetlerden yararlanabilmeniz i\u00e7in kullan\u0131m\u0131 mecburi olan \u00e7erezlerdir.<\/span><\/p>\n<\/td>\n<\/tr>\n<tr valign=\"top\">\n<td bgcolor=\"#ffffff\" width=\"81\">\n<p align=\"justify\"><span style=\"font-size: medium;\"><b>\u0130\u015flevsel ve Analitik \u00c7erezler<\/b><\/span><\/p>\n<\/td>\n<td bgcolor=\"#ffffff\" width=\"518\">\n<p align=\"justify\"><span style=\"font-size: medium;\">Tercihlerinizin hat\u0131rlanmas\u0131, internet sitesinin etkin \u015fekilde kullan\u0131lmas\u0131, sitenin isteklerinize cevap verecek \u015fekilde optimize edilmesi gibi ama\u00e7larla kullan\u0131lan ve siteyi nas\u0131l kulland\u0131\u011f\u0131n\u0131z hakk\u0131nda verileri i\u00e7eren \u00e7erezlerdir. Nitelikleri gere\u011fi bu t\u00fcrdeki \u00e7erezler ki\u015fisel verilerinizi i\u00e7erebilir. \u00d6rne\u011fin sitenin g\u00f6r\u00fcnt\u00fclenme dili tercihinizi kaydeden \u00e7erezler birer i\u015flevsel \u00e7erezdir.<\/span><\/p>\n<\/td>\n<\/tr>\n<tr valign=\"top\">\n<td bgcolor=\"#ffffff\" width=\"81\">\n<p align=\"justify\"><span style=\"font-size: medium;\"><b>Takip \u00c7erezleri<\/b><\/span><\/p>\n<\/td>\n<td bgcolor=\"#ffffff\" width=\"518\">\n<p align=\"justify\"><span style=\"font-size: medium;\">Takip \u00e7erezleri web sitemizi ve \u00fc\u00e7\u00fcnc\u00fc taraflara ait alan adlar\u0131n\u0131 ziyaretiniz s\u0131ras\u0131nda olu\u015fturulan birincil ve \u00fc\u00e7\u00fcnc\u00fc taraf \u00e7erezlerdir. Bu \u00e7erezler olu\u015fturulduklar\u0131 alan adlar\u0131ndaki t\u0131klama ve ziyaret ge\u00e7mi\u015finizin takibini ve farkl\u0131 alan adlar\u0131 aras\u0131nda bu kay\u0131tlar\u0131n e\u015flenmesini m\u00fcmk\u00fcn k\u0131lmaktad\u0131r. Bu t\u00fcr \u00e7erezler kullan\u0131c\u0131lar\u0131n tan\u0131nmas\u0131 ve profillenmesi, reklam ve pazarlama faaliyetlerinin hedeflenmesi ve i\u00e7eri\u011fin \u00f6zelle\u015ftirilmesi amac\u0131 ile kullan\u0131lmaktad\u0131r. Bu \u00e7erezler sizin kimli\u011finizi belirlemek veya \u015fahs\u0131n\u0131z \u00f6zelinde karar almak i\u00e7in kullan\u0131lmayacakt\u0131r.<\/span><\/p>\n<\/td>\n<\/tr>\n<\/tbody>\n<\/table>\n<p align=\"justify\"><span style=\"font-size: medium;\"><b>5. \u00c7erezlerin Y\u00f6netimi<\/b><\/span><\/p>\n<p align=\"justify\"><span style=\"font-size: medium;\">Web taray\u0131c\u0131lar\u0131 genellikle \u00e7erezleri otomatik olarak kabul etmektedir. Web sitemizi kullanabilmek i\u00e7in \u00e7erez kullan\u0131m\u0131 zorunlu de\u011fildir, fakat taray\u0131c\u0131n\u0131z\u0131 \u00e7erezleri kabul etmemeye ayarlaman\u0131z halinde kullan\u0131c\u0131 deneyiminizin kalitesi d\u00fc\u015febilir ve sitemizin \u00e7e\u015fitli i\u015flevleri bozulabilir.<\/span><\/p>\n<p align=\"justify\"><span style=\"font-size: medium;\">Taray\u0131c\u0131n\u0131z\u0131 \u00e7erezleri t\u00fcm siteler veya belirli siteler i\u00e7in engelleyecek \u015fekilde, \u00e7erez olu\u015fturuldu\u011funda uyar\u0131 verecek \u015fekilde, \u00fc\u00e7\u00fcnc\u00fc taraf \u00e7erezleri engelleyecek \u015fekilde veya t\u00fcm \u00e7erezleri oturum \u00e7erezi gibi sayacak \u015fekilde yap\u0131land\u0131rabilirsiniz. Ek olarak taray\u0131c\u0131n\u0131z \u00fczerinden \u00e7erezleri silebilir veya taray\u0131c\u0131n\u0131zda saklanan \u00e7erezlerin listesini ve de\u011ferlerini g\u00f6rebilirsiniz. <\/span><\/p>\n\t\t<\/div>\n\t\t[vc_separator color=&#8221;custom&#8221; accent_color=&#8221;rgba(10,10,10,0.12)&#8221; css=&#8221;.vc_custom_1615616514122{margin-bottom: 20px !important;padding-top: 10px !important;}&#8221;][\/vc_column][\/vc_row]<\/p>\n<\/div>","protected":false},"excerpt":{"rendered":"<p>[vc_row css=&#8221;.vc_custom_1629877038080{margin-bottom: 40px !important;}&#8221; mobile_bg_img_hidden=&#8221;no&#8221; tablet_bg_img_hidden=&#8221;no&#8221; woodmart_parallax=&#8221;0&#8243; woodmart_gradient_switch=&#8221;no&#8221; row_reverse_mobile=&#8221;1&#8243; row_reverse_tablet=&#8221;1&#8243; woodmart_disable_overflow=&#8221;0&#8243; wd_z_index=&#8221;no&#8221; woodmart_css_id=&#8221;6125f32826e3d&#8221; responsive_spacing=&#8221;eyJwYXJhbV90eXBlIjoid29vZG1hcnRfcmVzcG9uc2l2ZV9zcGFjaW5nIiwic2VsZWN0b3JfaWQiOiI2MTI1ZjMyODI2ZTNkIiwic2hvcnRjb2RlIjoidmNfcm93IiwiZGF0YSI6eyJ0YWJsZXQiOnt9LCJtb2JpbGUiOnsibWFyZ2luLWJvdHRvbSI6IjIwIn19fQ==&#8221;][vc_column css=&#8221;.vc_custom_1687250643337{margin-bottom: 40px !important;padding-top: 0px !important;}&#8221; mobile_bg_img_hidden=&#8221;no&#8221;<\/p>\n","protected":false},"author":1,"featured_media":0,"parent":0,"menu_order":0,"comment_status":"closed","ping_status":"closed","template":"","meta":{"footnotes":""},"class_list":["post-16147","page","type-page","status-publish","hentry"],"_links":{"self":[{"href":"https:\/\/kocel.com.tr\/en\/wp-json\/wp\/v2\/pages\/16147","targetHints":{"allow":["GET"]}}],"collection":[{"href":"https:\/\/kocel.com.tr\/en\/wp-json\/wp\/v2\/pages"}],"about":[{"href":"https:\/\/kocel.com.tr\/en\/wp-json\/wp\/v2\/types\/page"}],"author":[{"embeddable":true,"href":"https:\/\/kocel.com.tr\/en\/wp-json\/wp\/v2\/users\/1"}],"replies":[{"embeddable":true,"href":"https:\/\/kocel.com.tr\/en\/wp-json\/wp\/v2\/comments?post=16147"}],"version-history":[{"count":0,"href":"https:\/\/kocel.com.tr\/en\/wp-json\/wp\/v2\/pages\/16147\/revisions"}],"wp:attachment":[{"href":"https:\/\/kocel.com.tr\/en\/wp-json\/wp\/v2\/media?parent=16147"}],"curies":[{"name":"wp","href":"https:\/\/api.w.org\/{rel}","templated":true}]}}