{"id":16144,"date":"2023-07-21T14:59:11","date_gmt":"2023-07-21T11:59:11","guid":{"rendered":"https:\/\/kocel.com.tr\/kocel-internet-sitesi-aydinlatma-metni\/"},"modified":"2023-11-01T11:48:22","modified_gmt":"2023-11-01T08:48:22","slug":"kocel-website-information-text","status":"publish","type":"page","link":"https:\/\/kocel.com.tr\/en\/kocel-website-information-text\/","title":{"rendered":"Ko\u00e7el Website Information Text"},"content":{"rendered":"<div class=\"wpb-content-wrapper\"><p>[vc_row css=&#8221;.vc_custom_1629877038080{margin-bottom: 40px !important;}&#8221; mobile_bg_img_hidden=&#8221;no&#8221; tablet_bg_img_hidden=&#8221;no&#8221; woodmart_parallax=&#8221;0&#8243; woodmart_gradient_switch=&#8221;no&#8221; row_reverse_mobile=&#8221;1&#8243; row_reverse_tablet=&#8221;1&#8243; woodmart_disable_overflow=&#8221;0&#8243; wd_z_index=&#8221;no&#8221; woodmart_css_id=&#8221;6125f32826e3d&#8221; responsive_spacing=&#8221;eyJwYXJhbV90eXBlIjoid29vZG1hcnRfcmVzcG9uc2l2ZV9zcGFjaW5nIiwic2VsZWN0b3JfaWQiOiI2MTI1ZjMyODI2ZTNkIiwic2hvcnRjb2RlIjoidmNfcm93IiwiZGF0YSI6eyJ0YWJsZXQiOnt9LCJtb2JpbGUiOnsibWFyZ2luLWJvdHRvbSI6IjIwIn19fQ==&#8221;][vc_column css=&#8221;.vc_custom_1687250643337{margin-bottom: 40px !important;padding-top: 0px !important;}&#8221; mobile_bg_img_hidden=&#8221;no&#8221; tablet_bg_img_hidden=&#8221;no&#8221; woodmart_parallax=&#8221;0&#8243; woodmart_sticky_column=&#8221;false&#8221; parallax_scroll=&#8221;no&#8221; mobile_reset_margin=&#8221;no&#8221; tablet_reset_margin=&#8221;no&#8221; wd_z_index=&#8221;no&#8221; woodmart_css_id=&#8221;649166cc116ca&#8221; responsive_spacing=&#8221;eyJwYXJhbV90eXBlIjoid29vZG1hcnRfcmVzcG9uc2l2ZV9zcGFjaW5nIiwic2VsZWN0b3JfaWQiOiI2NDkxNjZjYzExNmNhIiwic2hvcnRjb2RlIjoidmNfY29sdW1uIiwiZGF0YSI6eyJ0YWJsZXQiOnt9LCJtb2JpbGUiOnt9fX0=&#8221; wd_collapsible_content_switcher=&#8221;no&#8221; wd_column_role_offcanvas_desktop=&#8221;no&#8221; wd_column_role_offcanvas_tablet=&#8221;no&#8221; wd_column_role_offcanvas_mobile=&#8221;no&#8221; wd_column_role_content_desktop=&#8221;no&#8221; wd_column_role_content_tablet=&#8221;no&#8221; wd_column_role_content_mobile=&#8221;no&#8221; woodmart_box_shadow=&#8221;no&#8221;][vc_column_text woodmart_inline=&#8221;no&#8221; text_larger=&#8221;no&#8221;]<\/p>\n<p style=\"text-align: center;\"><strong>KO\u00c7EL \u00c7EL\u0130K E\u015eYA SANAY\u0130 VE T\u0130CARET ANON\u0130M \u015e\u0130RKET\u0130 CLARIFICATION TEXT UNDER THE PERSONAL DATA PROTECTION LAW NO. 6698<\/strong><\/p>\n<p>Identity of the Data Controller<\/p>\n<p>Ko\u00e7el \u00c7elik E\u015fya Sanayi ve Ticaret A.\u015e. (\u201cCompany\u201d) takes all kinds of technical and legal measures in accordance with the Personal Data Protection Law No. 6698 (\u201cKVKK\u201d) in the processing of your personal data within the scope of its activities. Relevant persons can access detailed information on the processing of their personal data, transfer to third parties, legal reasons for collecting personal data and their rights under KVKK from the information text below.<br \/>\nMersis Number:<br \/>\nInternet address :<br \/>\nPhone number :<br \/>\nE-mail address :<br \/>\nAddress:<\/p>\n<p>A. Personal Data Processed, Purpose of Data Processing, Collection Method and Legal Reason for Processing<br \/>\nAs Ko\u00e7el \u00c7elik, in its capacity as Data Controller, we are responsible for the Turkish Commercial Code no. 6102, the Personal Data Protection Law no. 6698, the Labor Law no. 4857, the Code of Obligations no. 6098, the Turkish Penal Code no. 5237, the Regulation of Publications Made on the Internet and the Processing Processes Through These Publications no. Within the framework of our legal obligations arising from the Law on Combating Crimes and other relevant Legislation and Regulations, in order to benefit from our activities stated below, based on your express consent or in accordance with the relevant legislation listed above, if you share it with us and access our website, our Company; will be able to obtain personal data, record it, preserve it, update it in order to continue its services, rearrange it, transfer it to third parties in the country or abroad in cases and to the extent permitted by the legislation, and process it by taking the necessary administrative and technical measures in other ways approved by law.<br \/>\nPersonal data by Ko\u00e7el \u00c7elik in accordance with KVKK;<br \/>\nIn accordance with the law and the rule of honesty,<br \/>\nAccurate and up-to-date when necessary,<br \/>\nFor specific, clear and legitimate purposes,<br \/>\nIn connection with the purpose for which they are processed, in a limited and proportionate manner,<br \/>\nFor the period stipulated in the relevant legislation or for the period necessary for the purpose for which they are processed.<br \/>\nParticular attention is paid to its storage and necessary inspections are carried out for this purpose. As Ko\u00e7el \u00c7elik, we show utmost sensitivity regarding the security of your personal data and take all necessary technical, administrative and legal measures to protect your personal data.<br \/>\nThe legal reasons our company relies on during data processing are as follows:<br \/>\nExistence of explicit consent (\u201cArt.5\/1, Art.6\u201d).<br \/>\nIt is clearly stipulated in the law (\u201cArt.5\/2-a\u201d).<br \/>\nIt is necessary for the protection of the life or physical integrity of the person who is unable to express his\/her consent due to actual impossibility or whose consent is not given legal validity (\u201cArticle 5\/2-b\u201d).<br \/>\nIt is necessary to process personal data of the parties to the contract, provided that it is directly related to the establishment or performance of a contract (&#8220;Art. 5\/2-c&#8221;).<br \/>\nIt is mandatory for the data controller to fulfill its legal obligation (\u201cArticle 5\/2-\u00e7\u201d).<br \/>\nIt has been made public by the person concerned (\u201cArt.5\/2-d\u201d).<br \/>\nData processing is mandatory for the establishment, exercise or protection of a right (\u201cArticle 5\/2-e\u201d).<br \/>\nIt is mandatory to process data for the legitimate interests of the data controller, provided that it does not harm the fundamental rights and freedoms of the person concerned (\u201cArticle 5\/2-f\u201d).<\/p>\n<p>Purpose of Data Processing Personal Data Processed Data Processing Conditions Data Collection Methods<br \/>\nEnsuring security by recording our company&#8217;s business and working areas. Camera recording, audio recording m. 5\/2-f. Via camera systems (Automatic means)<br \/>\nRecording of phone calls\/Call center recordings. Voice recording. art.5\/2-f. Via call center (Automatic means)<br \/>\nEnsuring security checks at the entrances Name and surname, visit day and time, license plate information from the relevant person (by non-automatic means)<br \/>\nManagement of request, suggestion, request, complaint and malfunction processes Name and surname, e-mail, telephone number, title, signature, request\/complaint detail art.5\/2-e, art.5\/2-f. By electronic means (Partly by automatic means)<br \/>\nExecution of goods\/service supply and contract processes Name, surname, TR ID number, signature circular, e-mail, telephone, TIN, tax office, bank account number, signature, address, reference information art.5\/2-c, art.5\/ 2-d, m.5\/2-e. By physical means, e-mail and telephone (Partly automatic and non-automatic means)<br \/>\nExecution of sales and contract processes Name, surname, TR ID number, signature circular, e-mail, telephone, TIN, tax office, bank account number, signature, address art.5\/2-c, art.5\/2-d, art. 5\/2-e. By physical means, e-mail and telephone (Partly automatic and non-automatic means)<br \/>\nExecution of invoice processes Name and surname, TIN, TR ID number, e-mail, telephone, address. art.5\/2-a, art.5\/2-c, art.5\/2-\u00e7, art.5\/2-e. By physical or digital means (by non-automatic or partially automatic means)<br \/>\nPreparation of audit documents Name and surname, TR ID number, signature, e-signature Art.5\/2-c, Art.5\/2-f Through relevant documents (by non-automatic means)<br \/>\nPreparation of general assembly meeting minutes and powers of attorney and recording of the meeting Name and surname, ID number, signature, title, visual and audio videos Art.5\/2-\u00e7, Art.5\/2-f By physical means, e-mail and camera ( partly by automatic and non-automatic means)<br \/>\nFollow-up of litigation, mediation and enforcement processes Personal data subject to the file and\/or in the file Art.5\/1, Art.6\/1, Art.5\/2-a, Art.5\/2-d, Art.5\/2 -e, m.5\/2-f. By physical means and e-mail (Partly automatic and non-automatic means)<br \/>\nForwarding incoming and outgoing call records and mails to the relevant places. Name and surname, telephone, e-mail, institution, title, address. art.5\/2-f. By physical means, fax and e-mail (by non-automatic or partially automatic means)<br \/>\nListing of telephone numbers in order to maintain communication. Name, surname, title, telephone. By e-mail, telephone, physical means (Partly automated means)<br \/>\nConducting correspondence with public institutions and organizations Name and surname, address, TR ID number, identity serial number, date of birth, mother and father&#8217;s name, title, photo, video, telephone, e-mail, signature m.5\/2-a, m.5\/ 2-c, art.5\/2-\u00e7 By physical means or e-mail (by non-automatic or partially automatic means)<\/p>\n<p>B. Transfer of Personal Data<br \/>\nYour personal data, which is stated to be processed under heading 1, may be processed in line with the data processing purposes under the same heading, if necessary and limited to the processes of carrying out our company&#8217;s activities and business processes;<br \/>\nTo audit firms, financial advisors, relevant public institutions and organizations, in accordance with the relevant legislation (execution of activities in accordance with the legislation, fulfillment of our legal obligations, management of contract processes),<br \/>\nTo banks and financial institutions, (execution of contract processes, execution of finance and accounting affairs, follow-up and execution of legal affairs),<br \/>\nTo our suppliers, business partners, direct\/indirect\/domestic\/international subsidiaries involved in business processes for the realization of activities (Ensuring\/supervising business continuity, Carrying out contract processes, Tracking requests and complaints, Tracking and carrying out legal affairs)<br \/>\nTo the relevant supplier company from which our company provides services in its business processes, to our business partners (Ensuring\/supervising business continuity, Execution of contract processes, Follow-up of requests and complaints, Follow-up and execution of legal affairs)<br \/>\nTo legally authorized public institutions and organizations in line with the requests of the relevant public institutions and organizations and limited to the purposes of the request (execution of activities in accordance with the legislation, monitoring and execution of legal affairs, fulfillment of our legal obligations in accordance with legal\/administrative regulations),<br \/>\nis transferred.<\/p>\n<p>C. Rights of the Relevant Person<br \/>\nEveryone has the following rights in accordance with Article 11 of the KVKK;<br \/>\n1. Learning whether personal data is being processed or not,<br \/>\n2. Requesting information if personal data has been processed,<br \/>\n3. Learning the purpose of processing personal data and whether they are used for their intended purpose,<br \/>\n4. Knowing the third parties to whom personal data is transferred at home or abroad,<br \/>\n5. Requesting correction of personal data in case of incomplete or incorrect processing and requesting that the action taken in this context be notified to third parties to whom personal data has been transferred,<br \/>\n6. Requesting the deletion or destruction of personal data in case the reasons requiring processing no longer exist, even though it has been processed in accordance with the provisions of KVKK and other relevant laws, and requesting that the action taken in this context be notified to third parties to whom personal data has been transferred,<br \/>\n7. Objecting to the emergence of a result that is unfavorable to the person by analyzing the processed data exclusively through automatic systems,<br \/>\n8. Requesting compensation for the damage in case of damage due to illegal processing of personal data.<br \/>\nAnyone can submit their requests regarding these rights to our Company in accordance with the Communiqu\u00e9 on the Procedures and Principles of Application to the Data Controller. Requests will be evaluated and decided free of charge as soon as possible and within thirty (30) days at the latest. If the evaluation and decision-making process requires an additional cost, the fee in the tariff determined by the Personal Data Protection Board will be taken as basis.<\/p>\n<p>&nbsp;<\/p>\n<p><a href=\"https:\/\/kocel.com.tr\/wp-content\/uploads\/28-KOC\u0327EL-VERI\u0307-SORUMLUSUNA-BAS\u0327VURU-FORMU.docx\">Click <\/a>to download the application form[\/vc_column_text][\/vc_column][\/vc_row]<\/p>\n<\/div>","protected":false},"excerpt":{"rendered":"<p>[vc_row css=&#8221;.vc_custom_1629877038080{margin-bottom: 40px !important;}&#8221; mobile_bg_img_hidden=&#8221;no&#8221; tablet_bg_img_hidden=&#8221;no&#8221; woodmart_parallax=&#8221;0&#8243; woodmart_gradient_switch=&#8221;no&#8221; row_reverse_mobile=&#8221;1&#8243; row_reverse_tablet=&#8221;1&#8243; woodmart_disable_overflow=&#8221;0&#8243; wd_z_index=&#8221;no&#8221; woodmart_css_id=&#8221;6125f32826e3d&#8221; responsive_spacing=&#8221;eyJwYXJhbV90eXBlIjoid29vZG1hcnRfcmVzcG9uc2l2ZV9zcGFjaW5nIiwic2VsZWN0b3JfaWQiOiI2MTI1ZjMyODI2ZTNkIiwic2hvcnRjb2RlIjoidmNfcm93IiwiZGF0YSI6eyJ0YWJsZXQiOnt9LCJtb2JpbGUiOnsibWFyZ2luLWJvdHRvbSI6IjIwIn19fQ==&#8221;][vc_column css=&#8221;.vc_custom_1687250643337{margin-bottom: 40px !important;padding-top: 0px !important;}&#8221; mobile_bg_img_hidden=&#8221;no&#8221;<\/p>\n","protected":false},"author":1,"featured_media":0,"parent":0,"menu_order":0,"comment_status":"closed","ping_status":"closed","template":"","meta":{"footnotes":""},"class_list":["post-16144","page","type-page","status-publish","hentry"],"_links":{"self":[{"href":"https:\/\/kocel.com.tr\/en\/wp-json\/wp\/v2\/pages\/16144","targetHints":{"allow":["GET"]}}],"collection":[{"href":"https:\/\/kocel.com.tr\/en\/wp-json\/wp\/v2\/pages"}],"about":[{"href":"https:\/\/kocel.com.tr\/en\/wp-json\/wp\/v2\/types\/page"}],"author":[{"embeddable":true,"href":"https:\/\/kocel.com.tr\/en\/wp-json\/wp\/v2\/users\/1"}],"replies":[{"embeddable":true,"href":"https:\/\/kocel.com.tr\/en\/wp-json\/wp\/v2\/comments?post=16144"}],"version-history":[{"count":0,"href":"https:\/\/kocel.com.tr\/en\/wp-json\/wp\/v2\/pages\/16144\/revisions"}],"wp:attachment":[{"href":"https:\/\/kocel.com.tr\/en\/wp-json\/wp\/v2\/media?parent=16144"}],"curies":[{"name":"wp","href":"https:\/\/api.w.org\/{rel}","templated":true}]}}