{"id":16143,"date":"2023-07-21T15:10:03","date_gmt":"2023-07-21T12:10:03","guid":{"rendered":"https:\/\/kocel.com.tr\/kocel-veri%cc%87-sorumlusuna-basvuru-formu\/"},"modified":"2023-07-21T15:10:03","modified_gmt":"2023-07-21T12:10:03","slug":"kocel-veri%cc%87-sorumlusuna-basvuru-formu","status":"publish","type":"page","link":"https:\/\/kocel.com.tr\/en\/kocel-veri%cc%87-sorumlusuna-basvuru-formu\/","title":{"rendered":"Ko\u00e7el Veri\u0307 Sorumlusuna Ba\u015fvuru Formu"},"content":{"rendered":"<div class=\"wpb-content-wrapper\"><p>[vc_row css=&#8221;.vc_custom_1629877038080{margin-bottom: 40px !important;}&#8221; mobile_bg_img_hidden=&#8221;no&#8221; tablet_bg_img_hidden=&#8221;no&#8221; woodmart_parallax=&#8221;0&#8243; woodmart_gradient_switch=&#8221;no&#8221; row_reverse_mobile=&#8221;1&#8243; row_reverse_tablet=&#8221;1&#8243; woodmart_disable_overflow=&#8221;0&#8243; wd_z_index=&#8221;no&#8221; woodmart_css_id=&#8221;6125f32826e3d&#8221; responsive_spacing=&#8221;eyJwYXJhbV90eXBlIjoid29vZG1hcnRfcmVzcG9uc2l2ZV9zcGFjaW5nIiwic2VsZWN0b3JfaWQiOiI2MTI1ZjMyODI2ZTNkIiwic2hvcnRjb2RlIjoidmNfcm93IiwiZGF0YSI6eyJ0YWJsZXQiOnt9LCJtb2JpbGUiOnsibWFyZ2luLWJvdHRvbSI6IjIwIn19fQ==&#8221;][vc_column css=&#8221;.vc_custom_1687250643337{margin-bottom: 40px !important;padding-top: 0px !important;}&#8221; mobile_bg_img_hidden=&#8221;no&#8221; tablet_bg_img_hidden=&#8221;no&#8221; woodmart_parallax=&#8221;0&#8243; woodmart_sticky_column=&#8221;false&#8221; parallax_scroll=&#8221;no&#8221; mobile_reset_margin=&#8221;no&#8221; tablet_reset_margin=&#8221;no&#8221; wd_z_index=&#8221;no&#8221; woodmart_css_id=&#8221;649166cc116ca&#8221; responsive_spacing=&#8221;eyJwYXJhbV90eXBlIjoid29vZG1hcnRfcmVzcG9uc2l2ZV9zcGFjaW5nIiwic2VsZWN0b3JfaWQiOiI2NDkxNjZjYzExNmNhIiwic2hvcnRjb2RlIjoidmNfY29sdW1uIiwiZGF0YSI6eyJ0YWJsZXQiOnt9LCJtb2JpbGUiOnt9fX0=&#8221; wd_collapsible_content_switcher=&#8221;no&#8221; wd_column_role_offcanvas_desktop=&#8221;no&#8221; wd_column_role_offcanvas_tablet=&#8221;no&#8221; wd_column_role_offcanvas_mobile=&#8221;no&#8221; wd_column_role_content_desktop=&#8221;no&#8221; wd_column_role_content_tablet=&#8221;no&#8221; wd_column_role_content_mobile=&#8221;no&#8221; woodmart_box_shadow=&#8221;no&#8221;]\t\t<div id=\"wd-64ba760636189\" class=\"wd-text-block wd-wpb reset-last-child wd-rs-64ba760636189 text-left \">\n\t\t\t<p style=\"text-align: center;\"><strong>KO\u00c7EL \u00c7EL\u0130K E\u015eYA SANAY\u0130 VE T\u0130CARET ANON\u0130M \u015e\u0130RKET\u0130<\/strong><br \/>\n<strong>VER\u0130 SORUMLUSUNA BA\u015eVURU FORMU<\/strong><\/p>\n<p>(Bu form arac\u0131l\u0131\u011f\u0131 ile ba\u015fvuru yap\u0131lmas\u0131 zorunlu de\u011fildir. Bu form, ilgili ki\u015finin ba\u015fvuru yapma s\u00fcrecinde yard\u0131mc\u0131 dok\u00fcman olarak olu\u015fturulmu\u015f olup, Veri Sorumlusuna Ba\u015fvuru Usul ve Esaslar\u0131 Hakk\u0131nda Tebli\u011f\u2019e uygun bir \u015fekilde yap\u0131lan her ba\u015fvuru de\u011ferlendirmeye al\u0131nacakt\u0131r.)<\/p>\n<p>Genel A\u00e7\u0131klamalar<br \/>\n6698 say\u0131l\u0131 Ki\u015fisel Verilerin Korunmas\u0131 Kanunu\u2019nun (\u2018\u2018KVKK\u2019\u2019) 11. maddesi kapsam\u0131nda herkes, veri sorumlusu s\u0131fat\u0131yla Ko\u00e7el \u00c7elik E\u015fya Sanayi ve Ticaret Anonim \u015eirketi (\u201c\u015eirket\u201d) a\u015fa\u011f\u0131da belirtilen hususlarda ba\u015fvuruda bulunma hakk\u0131na sahiptir:<br \/>\nKi\u015fisel veri i\u015flenip i\u015flenmedi\u011fini \u00f6\u011frenme,<br \/>\nKi\u015fisel verileri i\u015flenmi\u015fse buna ili\u015fkin bilgi talep etme,<br \/>\nKi\u015fisel verilerin i\u015flenme amac\u0131n\u0131 ve bunlar\u0131n amac\u0131na uygun kullan\u0131l\u0131p kullan\u0131lmad\u0131\u011f\u0131n\u0131 \u00f6\u011frenme,<br \/>\nYurt i\u00e7inde veya yurt d\u0131\u015f\u0131nda ki\u015fisel verilerin aktar\u0131ld\u0131\u011f\u0131 \u00fc\u00e7\u00fcnc\u00fc ki\u015fileri bilme<br \/>\nKi\u015fisel verilerin eksik veya yanl\u0131\u015f i\u015flenmi\u015f olmas\u0131 h\u00e2linde bunlar\u0131n d\u00fczeltilmesini isteme,<br \/>\nKVKK\u2019n\u0131n 7. maddesi uyar\u0131nca, KVKK ve ilgili di\u011fer kanun h\u00fck\u00fcmlerine uygun olarak i\u015flenmi\u015f olmas\u0131na ra\u011fmen, i\u015flenmesini gerektiren sebeplerin ortadan kalkmas\u0131 h\u00e2linde ki\u015fisel veriler resen veya ilgili ki\u015finin talebi \u00fczerine \u00f6ng\u00f6r\u00fclen \u015fartlar \u00e7er\u00e7evesinde ki\u015fisel verilerin silinmesini veya yok edilmesini isteme,<br \/>\n(e). ve (f). bentleri uyar\u0131nca yap\u0131lan i\u015flemlerin, ki\u015fisel verilerin aktar\u0131ld\u0131\u011f\u0131 \u00fc\u00e7\u00fcnc\u00fc ki\u015filere bildirilmesini isteme,<br \/>\n\u0130\u015flenen verilerin m\u00fcnhas\u0131ran otomatik sistemler vas\u0131tas\u0131yla analiz edilmesi suretiyle ki\u015finin kendisi aleyhine bir sonucun ortaya \u00e7\u0131kmas\u0131na itiraz etme,<br \/>\nKi\u015fisel verilerin kanuna ayk\u0131r\u0131 olarak i\u015flenmesi sebebiyle zarara u\u011framas\u0131 h\u00e2linde zarar\u0131n giderilmesini talep etme.<\/p>\n<p>Ba\u015fvuruya \u0130li\u015fkin Ki\u015fisel Verilerin \u0130\u015flenmesi<br \/>\nVeri Sorumlusuna Ba\u015fvuru Formu ile ba\u015fvurucunun kimli\u011finin tespiti ve ba\u015fvurunun y\u00f6netilmesi amac\u0131yla s\u0131n\u0131rl\u0131 ve ba\u011flant\u0131l\u0131 olarak ki\u015fisel veri (ad, soyad, T.C. kimlik numaras\u0131, pasaport numaras\u0131, telefon numaras\u0131, e-posta, adres, imza) i\u015flenmektedir. S\u00f6z konusu ki\u015fisel veriler, gerekti\u011fi takdirde ba\u015fvuru talebinin niteli\u011fine g\u00f6re yaln\u0131zca ilgili birimler\/ki\u015filer ve kanunlarca yetkili kurum\/kurulu\u015flar ile payla\u015f\u0131labilmektedir.<\/p>\n<p>&nbsp;<\/p>\n<p>Ba\u015fvuru Y\u00f6ntemi, Ba\u015fvurunun Yap\u0131laca\u011f\u0131 Adres ve Ba\u015fvuru G\u00f6nderiminde Belirtilecek Bilgiyi G\u00f6sterir Tablo<br \/>\nBa\u015fvuru Y\u00f6ntemi Ba\u015fvurunun Yap\u0131laca\u011f\u0131 Adres Ba\u015fvuru Konu Ba\u015fl\u0131\u011f\u0131<br \/>\nElden ba\u015fvuru (Ba\u015fvuru sahibinin bizzat ba\u015fvurmas\u0131 halinde kimli\u011fini tevsik edici belgenin, vekaleten ba\u015fvuru yap\u0131lmas\u0131 durumunda noter tasdikli vekaletnamenin haz\u0131rda bulundurulmas\u0131 gerekmektedir.) \u2026\u2026\u2026\u2026\u2026\u2026\u2026\u2026 Zarf\u0131n \u00fczerine \u201cKi\u015fisel Verilerin Korunmas\u0131 Kanunu Kapsam\u0131nda Bilgi Talebi\u201d yaz\u0131lacakt\u0131r.<br \/>\nNoter vas\u0131tas\u0131yla tebligat \u2026\u2026\u2026\u2026\u2026\u2026\u2026\u2026\u2026\u2026 Tebligat zarf\u0131na \u201cKi\u015fisel Verilerin Korunmas\u0131 Kanunu Kapsam\u0131nda Bilgi Talebi\u201d yaz\u0131lacakt\u0131r.<br \/>\nE-imza\/Mobil \u0130mza Arac\u0131l\u0131\u011f\u0131yla e-posta \u2026\u2026\u2026\u2026\u2026\u2026\u2026\u2026\u2026\u2026 Elektronik postan\u0131n konu k\u0131sm\u0131na \u201cKi\u015fisel Verilerin Korunmas\u0131 Kanunu Kapsam\u0131nda Bilgi Talebi\u201d yaz\u0131lacakt\u0131r.<br \/>\nKay\u0131tl\u0131 Elektronik Posta (KEP) adresi arac\u0131l\u0131\u011f\u0131yla ba\u015fvuru<br \/>\n\u2026\u2026\u2026\u2026\u2026\u2026\u2026\u2026\u2026 Elektronik postan\u0131n konu k\u0131sm\u0131na \u201cKi\u015fisel Verilerin Korunmas\u0131 Kanunu Kapsam\u0131nda Bilgi Talebi\u201d yaz\u0131lacakt\u0131r.<br \/>\nSistemlerimizde kay\u0131tl\u0131 e-posta adresi (E-posta adresinizin daha \u00f6ncesinde sistemlerimizde kimli\u011finiz ile e\u015fle\u015fmi\u015f olmas\u0131 gerekmektedir.) \u2026\u2026\u2026\u2026\u2026\u2026\u2026\u2026\u2026 Elektronik postan\u0131n konu k\u0131sm\u0131na \u201cKi\u015fisel Verilerin Korunmas\u0131 Kanunu Kapsam\u0131nda Bilgi Talebi\u201d yaz\u0131lacakt\u0131r.<\/p>\n<p>&nbsp;<\/p>\n<p>Ba\u015fvuru Sahibi \u0130leti\u015fim Bilgileri<br \/>\nAd:<br \/>\nSoyad:<br \/>\nTC Kimlik Numaras\u0131:<br \/>\n(Pasaport No)<br \/>\nTelefon Numaras\u0131:<br \/>\nE-posta:<br \/>\n(Belirtmeniz halinde size daha h\u0131zl\u0131 yan\u0131t verebilece\u011fiz.)<br \/>\nAdres:<\/p>\n<p>L\u00fctfen \u015eirketimiz ile Olan \u0130li\u015fkinizi Belirtiniz<br \/>\nM\u00fc\u015fteri<br \/>\nZiyaret\u00e7i<br \/>\nEski \u00c7al\u0131\u015fan (\u00c7al\u0131\u015ft\u0131\u011f\u0131m Y\u0131llar: \u2026\u2026\u2026\u2026\u2026. &#8211; \u2026\u2026\u2026\u2026\u2026.. )<br \/>\nDi\u011fer<\/p>\n<p>\u00c7al\u0131\u015fan<br \/>\n\u00c7al\u0131\u015fan Aday\u0131<br \/>\nBa\u015fvuru Tarihi :<br \/>\n\u00dc\u00e7\u00fcnc\u00fc Ki\u015fi Firma \u00c7al\u0131\u015fan\u0131<br \/>\nL\u00fctfen \u00e7al\u0131\u015ft\u0131\u011f\u0131n\u0131z firma ve pozisyon bilgisini belirtiniz<\/p>\n<p>\u015eirketimiz i\u00e7erisinde ileti\u015fimde oldu\u011funuz ki\u015fi\/birim:<br \/>\nKonu:<\/p>\n<p>&nbsp;<\/p>\n<p>L\u00fctfen KVKK Kapsam\u0131ndaki Talebinizi Belirtiniz<br \/>\nTalep<br \/>\nNo Talep Konusu Kanuni Dayanak Se\u00e7iminiz<br \/>\n(L\u00fctfen \u0130lgili B\u00f6l\u00fcm\u00fc \u0130\u015faretleyiniz)<\/p>\n<p>1 \u015eirketinizin hakk\u0131mda ki\u015fisel veri i\u015fleyip i\u015flemedi\u011fini \u00f6\u011frenmek istiyorum. KVKK m. 11\/1-a<br \/>\n2 E\u011fer \u015firketiniz hakk\u0131mda ki\u015fisel veri i\u015fliyor ise bu veri i\u015fleme faaliyetlerine ili\u015fkin bilgi talep ediyorum. KVKK m. 11\/1-b<br \/>\n3 E\u011fer \u015eirketiniz hakk\u0131mda ki\u015fisel veri i\u015fliyorsa bunlar\u0131n i\u015flenme amac\u0131n\u0131 ve i\u015flenme amac\u0131na uygun kullan\u0131l\u0131p kullanmad\u0131\u011f\u0131n\u0131 \u00f6\u011frenmek istiyorum. KVKK m. 11\/1-c<br \/>\n4 E\u011fer ki\u015fisel verilerim yurti\u00e7inde veya yurtd\u0131\u015f\u0131nda \u00fc\u00e7\u00fcnc\u00fc ki\u015filere aktar\u0131l\u0131yorsa, bu \u00fc\u00e7\u00fcnc\u00fc ki\u015fileri bilmek istiyorum. KVKK m. 11\/1-\u00e7<br \/>\n5 Ki\u015fisel verilerimin eksik veya yanl\u0131\u015f i\u015flendi\u011fi d\u00fc\u015f\u00fcn\u00fcyorum ve bunlar\u0131n d\u00fczeltilmesini istiyorum. KVKK m. 11\/1-d<br \/>\n6 Ki\u015fisel verilerimin kanun ve ilgili di\u011fer kanun h\u00fck\u00fcmlerine uygun olarak i\u015flenmi\u015f olmas\u0131na ra\u011fmen, i\u015flenmesini gerektiren sebeplerin ortadan kalkt\u0131\u011f\u0131n\u0131 d\u00fc\u015f\u00fcn\u00fcyorum ve bu \u00e7er\u00e7evede ki\u015fisel verilerimin;<br \/>\nSilinmesini<br \/>\nYok edilmesini<br \/>\n\u0130stiyorum.<br \/>\n(L\u00fctfen se\u00e7eneklerden belirtiniz) KVKK m. 11\/1-e<br \/>\n7 Eksik ve yanl\u0131\u015f i\u015flendi\u011fini d\u00fc\u015f\u00fcnd\u00fc\u011f\u00fcm ki\u015fisel verilerimin (5 Numaral\u0131 Talep) aktar\u0131ld\u0131\u011f\u0131 \u00fc\u00e7\u00fcnc\u00fc ki\u015filer nezdinde de d\u00fczeltilmesini istiyorum. KVKK m. 11\/1-f<br \/>\n8 Ki\u015fisel verilerimin kanun ve ilgili di\u011fer kanun h\u00fck\u00fcmlerine uygun olarak i\u015flenmi\u015f olmas\u0131na ra\u011fmen, i\u015flenmesini gerektiren sebeplerin ortadan kalkt\u0131\u011f\u0131n\u0131 d\u00fc\u015f\u00fcn\u00fcyorum (6 Numaral\u0131 Talep) ve bu \u00e7er\u00e7evede ki\u015fisel verilerimin aktar\u0131ld\u0131\u011f\u0131 \u00fc\u00e7\u00fcnc\u00fc ki\u015filer nezdinde de;<br \/>\nSilinmesini<br \/>\nYok Edilmesini<br \/>\n\u0130stiyorum.<br \/>\n(L\u00fctfen Se\u00e7eneklerden Belirtiniz) KVKK m. 11\/1-f<br \/>\n9 \u015eirketiniz taraf\u0131ndan i\u015flenen ki\u015fisel verilerimin m\u00fcnhas\u0131ran otomatik sistemler vas\u0131tas\u0131yla analiz edildi\u011fini ve bu analiz neticesinde \u015fahs\u0131m aleyhine bir sonu\u00e7 do\u011fdu\u011funu d\u00fc\u015f\u00fcn\u00fcyorum. Bu sonuca itiraz ediyorum. KVKK m. 11\/1-g<br \/>\n10 Ki\u015fisel verilerimin kanuna ayk\u0131r\u0131 i\u015flenmesi nedeniyle zarara u\u011frad\u0131m. Bu zarar\u0131n tazmini talep ediyorum. KVKK m. 11\/1-\u011f<\/p>\n<p>L\u00fctfen Talebiniz \u0130le \u0130lgili Bir A\u00e7\u0131klama Yap\u0131n\u0131z<\/p>\n<p>Ba\u015fvurunuza Verece\u011fimiz Yan\u0131t\u0131n Taraf\u0131n\u0131za Ne \u015eekilde Bildirilmesini \u0130stiyorsunuz?<br \/>\nAdresime g\u00f6nderilmesini istiyorum.<br \/>\nE-Posta adresime g\u00f6nderilmesini istiyorum.<br \/>\n(E-Posta y\u00f6ntemini se\u00e7meniz halinde size daha h\u0131zl\u0131 yan\u0131t verebilece\u011fiz.)<br \/>\nElden teslim almak istiyorum.<br \/>\n(Vekaleten teslim al\u0131nmas\u0131n\u0131n istenmesi durumunda noter tasdikli vekaletname veya yetki belgesi olmas\u0131 gerekmektedir.)<\/p>\n<p>Ba\u015fvuru Sahibinin Beyan\u0131<br \/>\nYukar\u0131da belirtti\u011fim talepler do\u011frultusunda, \u015eirketinize yapm\u0131\u015f oldu\u011fum ba\u015fvurumun Kanun\u2019un 13. maddesi uyar\u0131nca de\u011ferlendirilerek taraf\u0131ma bilgi verilmesini istemekteyim.<br \/>\nBu ba\u015fvuruda taraf\u0131n\u0131za sa\u011flam\u0131\u015f oldu\u011fum belge ve bilgilerin do\u011fru, g\u00fcncel ve \u015fahs\u0131ma ait oldu\u011funu beyan ve taahh\u00fct ederim.<br \/>\nBa\u015fvuruda bulunan ki\u015finin;<br \/>\nAd\u0131, Soyad\u0131 :<br \/>\n\u0130mzas\u0131 :<br \/>\nBa\u015fvuru Tarihi :<\/p>\n\t\t<\/div>\n\t\t[vc_row_inner][vc_column_inner][vc_column_text woodmart_inline=&#8221;no&#8221; text_larger=&#8221;no&#8221;]<a href=\"https:\/\/modddemo.com\/kocel\/wp-content\/uploads\/KOCEL-VERI-SORUMLUSUNA-BASVURU-FORMU.docx\" rel=\"nofollow noopener\" target=\"_blank\">Metni indirmek i\u00e7in t\u0131klay\u0131n\u0131z<\/a>[\/vc_column_text][\/vc_column_inner][\/vc_row_inner][\/vc_column][\/vc_row]<\/p>\n<\/div>","protected":false},"excerpt":{"rendered":"<p>[vc_row css=&#8221;.vc_custom_1629877038080{margin-bottom: 40px !important;}&#8221; mobile_bg_img_hidden=&#8221;no&#8221; tablet_bg_img_hidden=&#8221;no&#8221; woodmart_parallax=&#8221;0&#8243; woodmart_gradient_switch=&#8221;no&#8221; row_reverse_mobile=&#8221;1&#8243; row_reverse_tablet=&#8221;1&#8243; woodmart_disable_overflow=&#8221;0&#8243; wd_z_index=&#8221;no&#8221; woodmart_css_id=&#8221;6125f32826e3d&#8221; responsive_spacing=&#8221;eyJwYXJhbV90eXBlIjoid29vZG1hcnRfcmVzcG9uc2l2ZV9zcGFjaW5nIiwic2VsZWN0b3JfaWQiOiI2MTI1ZjMyODI2ZTNkIiwic2hvcnRjb2RlIjoidmNfcm93IiwiZGF0YSI6eyJ0YWJsZXQiOnt9LCJtb2JpbGUiOnsibWFyZ2luLWJvdHRvbSI6IjIwIn19fQ==&#8221;][vc_column css=&#8221;.vc_custom_1687250643337{margin-bottom: 40px !important;padding-top: 0px !important;}&#8221; mobile_bg_img_hidden=&#8221;no&#8221;<\/p>\n","protected":false},"author":1,"featured_media":0,"parent":0,"menu_order":0,"comment_status":"closed","ping_status":"closed","template":"","meta":{"footnotes":""},"class_list":["post-16143","page","type-page","status-publish","hentry"],"_links":{"self":[{"href":"https:\/\/kocel.com.tr\/en\/wp-json\/wp\/v2\/pages\/16143","targetHints":{"allow":["GET"]}}],"collection":[{"href":"https:\/\/kocel.com.tr\/en\/wp-json\/wp\/v2\/pages"}],"about":[{"href":"https:\/\/kocel.com.tr\/en\/wp-json\/wp\/v2\/types\/page"}],"author":[{"embeddable":true,"href":"https:\/\/kocel.com.tr\/en\/wp-json\/wp\/v2\/users\/1"}],"replies":[{"embeddable":true,"href":"https:\/\/kocel.com.tr\/en\/wp-json\/wp\/v2\/comments?post=16143"}],"version-history":[{"count":0,"href":"https:\/\/kocel.com.tr\/en\/wp-json\/wp\/v2\/pages\/16143\/revisions"}],"wp:attachment":[{"href":"https:\/\/kocel.com.tr\/en\/wp-json\/wp\/v2\/media?parent=16143"}],"curies":[{"name":"wp","href":"https:\/\/api.w.org\/{rel}","templated":true}]}}